{"id":1579,"date":"2021-05-24T04:27:59","date_gmt":"2021-05-24T04:27:59","guid":{"rendered":"https:\/\/sernadinha.net\/?page_id=1579"},"modified":"2021-05-24T04:41:20","modified_gmt":"2021-05-24T04:41:20","slug":"casa-pequena-buchen","status":"publish","type":"page","link":"https:\/\/sernadinha.net\/de\/casa-pequena-buchen\/","title":{"rendered":"Casa Pequena"},"content":{"rendered":"<h2 style=\"text-align: center;\">Vielen Dank f\u00fcr Ihr Interesse<\/h2><h3 style=\"text-align: center;\">Buchen Sie \u00fcber ein Portal \u2026<\/h3><p>\u00a0<\/p><p style=\"text-align: center;\"><a href=\"https:\/\/www.airbnb.com\/rooms\/32832992\" target=\"_blank\" rel=\"noopener noreferrer\">Casa Pequena auf Airbnb<\/a><br \/><a href=\"https:\/\/www.booking.com\/hotel\/pt\/sernadinha-house.html\" target=\"_blank\" rel=\"noopener noreferrer\">Casa Pequena auf booking.com<\/a><br \/><a href=\"https:\/\/www.fewo-direkt.de\/ferienwohnung-ferienhaus\/p2878972\" target=\"_blank\" rel=\"noopener noreferrer\">Casa Pequena auf fewo-direkt.de<\/a><br \/><br \/><\/p><h3 style=\"text-align: center;\">\u2026 oder kontaktieren Sie uns direkt:<\/h3><p style=\"text-align: center;\">Teilen Sie uns Ihren Namen, Ihre E-Mail und den gew\u00fcnschten Buchungszeitraum mit.<br \/>Derzeit noch verf\u00fcgbare Daten sehen Sie im Kalender unten.<br \/>Wir setzen uns schnellstm\u00f6glich mit Ihnen in Verbindung.<\/p><p style=\"text-align: center;\">\n<div class=\"wpcf7 no-js\" id=\"wpcf7-f1127-o1\" lang=\"de-DE\" dir=\"ltr\">\n<div class=\"screen-reader-response\"><p role=\"status\" aria-live=\"polite\" aria-atomic=\"true\"><\/p> <ul><\/ul><\/div>\n<form action=\"\/de\/wp-json\/wp\/v2\/pages\/1579#wpcf7-f1127-o1\" method=\"post\" class=\"wpcf7-form init\" aria-label=\"Kontaktformular\" novalidate=\"novalidate\" data-status=\"init\">\n<div style=\"display: none;\">\n<input type=\"hidden\" name=\"_wpcf7\" value=\"1127\" \/>\n<input type=\"hidden\" name=\"_wpcf7_version\" value=\"5.9.8\" \/>\n<input type=\"hidden\" name=\"_wpcf7_locale\" value=\"de_DE\" \/>\n<input type=\"hidden\" name=\"_wpcf7_unit_tag\" value=\"wpcf7-f1127-o1\" \/>\n<input type=\"hidden\" name=\"_wpcf7_container_post\" value=\"0\" \/>\n<input type=\"hidden\" name=\"_wpcf7_posted_data_hash\" value=\"\" \/>\n<\/div>\n<p><span class=\"wpcf7-form-control-wrap\" data-name=\"your-name\"><input size=\"40\" maxlength=\"400\" class=\"wpcf7-form-control wpcf7-text wpcf7-validates-as-required\" aria-required=\"true\" aria-invalid=\"false\" placeholder=\"Ihr Name\" value=\"\" type=\"text\" name=\"your-name\" \/><\/span>\n<\/p>\n<p><span class=\"wpcf7-form-control-wrap\" data-name=\"your-email\"><input size=\"40\" maxlength=\"400\" class=\"wpcf7-form-control wpcf7-email wpcf7-validates-as-required wpcf7-text wpcf7-validates-as-email\" aria-required=\"true\" aria-invalid=\"false\" placeholder=\"Ihre E-Mail\" value=\"\" type=\"email\" name=\"your-email\" \/><\/span>\n<\/p>\n<p><span class=\"wpcf7-form-control-wrap\" data-name=\"your-message\"><textarea cols=\"40\" rows=\"10\" maxlength=\"2000\" class=\"wpcf7-form-control wpcf7-textarea wpcf7-validates-as-required\" aria-required=\"true\" aria-invalid=\"false\" placeholder=\"Ihre Nachricht an uns\" name=\"your-message\"><\/textarea><\/span><br \/>\n<span class=\"wpcf7-form-control-wrap\" data-name=\"your-consent\"><span class=\"wpcf7-form-control wpcf7-acceptance\"><span class=\"wpcf7-list-item\"><label><input type=\"checkbox\" name=\"your-consent\" value=\"1\" aria-invalid=\"false\" \/><span class=\"wpcf7-list-item-label\">Ich stimme der Verwendung meiner Daten gem\u00e4\u00df dem <a href=\"\/datenschutzhinweis\">Datenschutzhinweis<\/a> zu.<\/span><\/label><\/span><\/span><\/span>\n<\/p>\n<p><input class=\"wpcf7-form-control wpcf7-submit has-spinner button\" type=\"submit\" value=\"Nachricht abschicken\" \/>\n<\/p><div class=\"wpcf7-response-output\" aria-hidden=\"true\"><\/div>\n<\/form>\n<\/div>\n<br \/><br \/><br \/><\/p><h3 style=\"text-align: center;\">Casa Pequena Verf\u00fcgbarkeit<\/h3><p style=\"text-align: center;\"><\/p><p style=\"text-align: center;\"><\/p>","protected":false},"excerpt":{"rendered":"<p>Vielen Dank f\u00fcr Ihr InteresseBuchen Sie \u00fcber ein Portal \u2026\u00a0Casa Pequena auf AirbnbCasa Pequena auf booking.comCasa Pequena auf fewo-direkt.de\u2026 oder kontaktieren Sie uns direkt:Teilen Sie uns Ihren Namen, Ihre E-Mail und den gew\u00fcnschten Buchungszeitraum mit.Derzeit noch verf\u00fcgbare Daten sehen Sie im Kalender unten.Wir setzen uns schnellstm\u00f6glich mit Ihnen in Verbindung.Casa Pequena Verf\u00fcgbarkeit<\/p>\n","protected":false},"author":1,"featured_media":1033,"parent":0,"menu_order":0,"comment_status":"closed","ping_status":"closed","template":"template-hero.php","meta":{"inline_featured_image":false,"footnotes":""},"_links":{"self":[{"href":"https:\/\/sernadinha.net\/de\/wp-json\/wp\/v2\/pages\/1579"}],"collection":[{"href":"https:\/\/sernadinha.net\/de\/wp-json\/wp\/v2\/pages"}],"about":[{"href":"https:\/\/sernadinha.net\/de\/wp-json\/wp\/v2\/types\/page"}],"author":[{"embeddable":true,"href":"https:\/\/sernadinha.net\/de\/wp-json\/wp\/v2\/users\/1"}],"replies":[{"embeddable":true,"href":"https:\/\/sernadinha.net\/de\/wp-json\/wp\/v2\/comments?post=1579"}],"version-history":[{"count":5,"href":"https:\/\/sernadinha.net\/de\/wp-json\/wp\/v2\/pages\/1579\/revisions"}],"predecessor-version":[{"id":1585,"href":"https:\/\/sernadinha.net\/de\/wp-json\/wp\/v2\/pages\/1579\/revisions\/1585"}],"wp:featuredmedia":[{"embeddable":true,"href":"https:\/\/sernadinha.net\/de\/wp-json\/wp\/v2\/media\/1033"}],"wp:attachment":[{"href":"https:\/\/sernadinha.net\/de\/wp-json\/wp\/v2\/media?parent=1579"}],"curies":[{"name":"wp","href":"https:\/\/api.w.org\/{rel}","templated":true}]}}