{"id":867,"date":"2019-01-01T00:00:45","date_gmt":"2019-01-01T00:00:45","guid":{"rendered":"https:\/\/sernadinha.testing.void-n.com\/?page_id=867"},"modified":"2020-01-13T05:09:51","modified_gmt":"2020-01-13T05:09:51","slug":"entdecke-sernadinha","status":"publish","type":"page","link":"https:\/\/sernadinha.net\/de\/entdecke-sernadinha\/","title":{"rendered":"Entdecke Sernadinha"},"content":{"rendered":"<h3>Willkomen auf der\u00a0 QUINTA do SERNADHINA<\/h3>\r\n<div id='gallery-1' class='gallery galleryid-867 gallery-columns-2 gallery-size-large'><figure class='gallery-item'>\n\t\t\t<div class='gallery-icon landscape'>\n\t\t\t\t<a data-size=\"2048x1365\" href='https:\/\/sernadinha.net\/wp-content\/uploads\/21.jpg'><img loading=\"lazy\" decoding=\"async\" width=\"640\" height=\"427\" src=\"https:\/\/sernadinha.net\/wp-content\/uploads\/21-1024x683.jpg\" class=\"attachment-large size-large\" alt=\"\" srcset=\"https:\/\/sernadinha.net\/wp-content\/uploads\/21-1024x683.jpg 1024w, https:\/\/sernadinha.net\/wp-content\/uploads\/21-300x200.jpg 300w, https:\/\/sernadinha.net\/wp-content\/uploads\/21-768x512.jpg 768w, https:\/\/sernadinha.net\/wp-content\/uploads\/21.jpg 2048w\" sizes=\"(max-width: 640px) 100vw, 640px\" \/><\/a>\n\t\t\t<\/div><\/figure><figure class='gallery-item'>\n\t\t\t<div class='gallery-icon landscape'>\n\t\t\t\t<a data-size=\"2048x1371\" href='https:\/\/sernadinha.net\/wp-content\/uploads\/DSC_1114.jpg'><img loading=\"lazy\" decoding=\"async\" width=\"640\" height=\"428\" src=\"https:\/\/sernadinha.net\/wp-content\/uploads\/DSC_1114-1024x685.jpg\" class=\"attachment-large size-large\" alt=\"\" aria-describedby=\"gallery-1-1368\" srcset=\"https:\/\/sernadinha.net\/wp-content\/uploads\/DSC_1114-1024x685.jpg 1024w, https:\/\/sernadinha.net\/wp-content\/uploads\/DSC_1114-300x201.jpg 300w, https:\/\/sernadinha.net\/wp-content\/uploads\/DSC_1114-768x514.jpg 768w, https:\/\/sernadinha.net\/wp-content\/uploads\/DSC_1114.jpg 2048w\" sizes=\"(max-width: 640px) 100vw, 640px\" \/><\/a>\n\t\t\t<\/div>\n\t\t\t\t<figcaption class='wp-caption-text gallery-caption' id='gallery-1-1368'>\n\t\t\t\tRuhe und Erholung\n\t\t\t\t<\/figcaption><\/figure><figure class='gallery-item'>\n\t\t\t<div class='gallery-icon landscape'>\n\t\t\t\t<a data-size=\"2048x1371\" href='https:\/\/sernadinha.net\/wp-content\/uploads\/DSC_1155.jpg'><img loading=\"lazy\" decoding=\"async\" width=\"640\" height=\"428\" src=\"https:\/\/sernadinha.net\/wp-content\/uploads\/DSC_1155-1024x685.jpg\" class=\"attachment-large size-large\" alt=\"\" aria-describedby=\"gallery-1-1370\" srcset=\"https:\/\/sernadinha.net\/wp-content\/uploads\/DSC_1155-1024x685.jpg 1024w, https:\/\/sernadinha.net\/wp-content\/uploads\/DSC_1155-300x201.jpg 300w, https:\/\/sernadinha.net\/wp-content\/uploads\/DSC_1155-768x514.jpg 768w, https:\/\/sernadinha.net\/wp-content\/uploads\/DSC_1155.jpg 2048w\" sizes=\"(max-width: 640px) 100vw, 640px\" \/><\/a>\n\t\t\t<\/div>\n\t\t\t\t<figcaption class='wp-caption-text gallery-caption' id='gallery-1-1370'>\n\t\t\t\tFerienhausurlaub\n\t\t\t\t<\/figcaption><\/figure><figure class='gallery-item'>\n\t\t\t<div class='gallery-icon landscape'>\n\t\t\t\t<a data-size=\"2048x1371\" href='https:\/\/sernadinha.net\/wp-content\/uploads\/DSC_1158.jpg'><img loading=\"lazy\" decoding=\"async\" width=\"640\" height=\"428\" src=\"https:\/\/sernadinha.net\/wp-content\/uploads\/DSC_1158-1024x685.jpg\" class=\"attachment-large size-large\" alt=\"\" srcset=\"https:\/\/sernadinha.net\/wp-content\/uploads\/DSC_1158-1024x685.jpg 1024w, https:\/\/sernadinha.net\/wp-content\/uploads\/DSC_1158-300x201.jpg 300w, https:\/\/sernadinha.net\/wp-content\/uploads\/DSC_1158-768x514.jpg 768w, https:\/\/sernadinha.net\/wp-content\/uploads\/DSC_1158.jpg 2048w\" sizes=\"(max-width: 640px) 100vw, 640px\" \/><\/a>\n\t\t\t<\/div><\/figure><figure class='gallery-item'>\n\t\t\t<div class='gallery-icon landscape'>\n\t\t\t\t<a data-size=\"2048x1371\" href='https:\/\/sernadinha.net\/wp-content\/uploads\/DSC_1178.jpg'><img loading=\"lazy\" decoding=\"async\" width=\"640\" height=\"428\" src=\"https:\/\/sernadinha.net\/wp-content\/uploads\/DSC_1178-1024x685.jpg\" class=\"attachment-large size-large\" alt=\"\" srcset=\"https:\/\/sernadinha.net\/wp-content\/uploads\/DSC_1178-1024x685.jpg 1024w, https:\/\/sernadinha.net\/wp-content\/uploads\/DSC_1178-300x201.jpg 300w, https:\/\/sernadinha.net\/wp-content\/uploads\/DSC_1178-768x514.jpg 768w, https:\/\/sernadinha.net\/wp-content\/uploads\/DSC_1178.jpg 2048w\" sizes=\"(max-width: 640px) 100vw, 640px\" \/><\/a>\n\t\t\t<\/div><\/figure><figure class='gallery-item'>\n\t\t\t<div class='gallery-icon landscape'>\n\t\t\t\t<a data-size=\"2048x1371\" href='https:\/\/sernadinha.net\/wp-content\/uploads\/DSC_1232.jpg'><img loading=\"lazy\" decoding=\"async\" width=\"640\" height=\"428\" src=\"https:\/\/sernadinha.net\/wp-content\/uploads\/DSC_1232-1024x685.jpg\" class=\"attachment-large size-large\" alt=\"\" srcset=\"https:\/\/sernadinha.net\/wp-content\/uploads\/DSC_1232-1024x685.jpg 1024w, https:\/\/sernadinha.net\/wp-content\/uploads\/DSC_1232-300x201.jpg 300w, https:\/\/sernadinha.net\/wp-content\/uploads\/DSC_1232-768x514.jpg 768w, https:\/\/sernadinha.net\/wp-content\/uploads\/DSC_1232.jpg 2048w\" sizes=\"(max-width: 640px) 100vw, 640px\" \/><\/a>\n\t\t\t<\/div><\/figure><figure class='gallery-item'>\n\t\t\t<div class='gallery-icon landscape'>\n\t\t\t\t<a data-size=\"2048x1371\" href='https:\/\/sernadinha.net\/wp-content\/uploads\/DSC_1271.jpg'><img loading=\"lazy\" decoding=\"async\" width=\"640\" height=\"428\" src=\"https:\/\/sernadinha.net\/wp-content\/uploads\/DSC_1271-1024x685.jpg\" class=\"attachment-large size-large\" alt=\"\" aria-describedby=\"gallery-1-1378\" srcset=\"https:\/\/sernadinha.net\/wp-content\/uploads\/DSC_1271-1024x685.jpg 1024w, https:\/\/sernadinha.net\/wp-content\/uploads\/DSC_1271-300x201.jpg 300w, https:\/\/sernadinha.net\/wp-content\/uploads\/DSC_1271-768x514.jpg 768w, https:\/\/sernadinha.net\/wp-content\/uploads\/DSC_1271.jpg 2048w\" sizes=\"(max-width: 640px) 100vw, 640px\" \/><\/a>\n\t\t\t<\/div>\n\t\t\t\t<figcaption class='wp-caption-text gallery-caption' id='gallery-1-1378'>\n\t\t\t\tNatur genie\u00dfen \n\t\t\t\t<\/figcaption><\/figure>\n\t\t<\/div>\n\r\n\r\nZwischen den St\u00e4dten\u00a0Cercal &amp; S\u00e3o Luis gelegen, 30 Minuten von den Sandstr\u00e4nden\u00a0Vila Nova de Milfontes, ist\u00a0Sernadinha\u00a0 eine malerische Oase gleich au\u00dferhalb des D\u00f6rfchens Aldeia do Cano.\r\n\r\nUnter dem weiten Himmel Alentejos bietet\u00a0Sernadinha eine wundersch\u00f6ne, H\u00fcgellandschaft mit offenen Wiesen, Korkeichen und Olivenb\u00e4umen. Die einzigartige Atmosph\u00e4re ist ideal f\u00fcr Familien oder als romantischer R\u00fcckzugsort.\r\n\r\nDie einfachen, aber luxuri\u00f6s-komfortablen H\u00e4user, Casa Pequena &amp; Casa Velha sind erfrischend k\u00fchl im Sommer und gem\u00fctlich warm im Winter. Beide H\u00e4user sind voll ausgestattet mit allem was man f\u00fcr einen perfekten Aufenthalt braucht.\r\n\r\nIn der guten Landluft und mit atemberaubendem Ausblick in jede Richtung, bietet Sernadinha den perfekten Ort zur Entspannung und um Energie in der Sonne Alentejos aufzuladen.\r\n\r\n&nbsp;\r\n\r\n<img loading=\"lazy\" decoding=\"async\" class=\"aligncenter wp-image-1046 \" src=\"https:\/\/sernadinha.net\/wp-content\/uploads\/2016\/04\/03-1-1024x526.jpg\" alt=\"\" width=\"825\" height=\"424\" srcset=\"https:\/\/sernadinha.net\/wp-content\/uploads\/2016\/04\/03-1-1024x526.jpg 1024w, https:\/\/sernadinha.net\/wp-content\/uploads\/2016\/04\/03-1-300x154.jpg 300w, https:\/\/sernadinha.net\/wp-content\/uploads\/2016\/04\/03-1-768x394.jpg 768w, https:\/\/sernadinha.net\/wp-content\/uploads\/2016\/04\/03-1.jpg 2048w\" sizes=\"(max-width: 825px) 100vw, 825px\" \/>\r\n<h3>Die Lage<\/h3>\r\nSie wohnen in der ruhigen Umgebung der Ortschaft Aldeia do Cano in der Region Baixo Alentejo.\u00a0 Sernadinha trennt\r\n\r\n8 km von Cercal do Alentejo und S\u00e3o Lu\u00eds erreichen Sie nach 10 km.\r\n\r\n\n\t\t\t<div class=\"map map-shortcode marker-is-red\" data-maplat=\"37.710931\" data-maplon=\"-8.625876\" data-mapzoom=\"8\" data-color=\"light\" data-height=\"400\"><\/div>\r\n\r\n&nbsp;\r\n<h3>Kontaktieren Sie uns<\/h3>\r\n\n<div class=\"wpcf7 no-js\" id=\"wpcf7-f1127-o1\" lang=\"de-DE\" dir=\"ltr\">\n<div class=\"screen-reader-response\"><p role=\"status\" aria-live=\"polite\" aria-atomic=\"true\"><\/p> <ul><\/ul><\/div>\n<form action=\"\/de\/wp-json\/wp\/v2\/pages\/867#wpcf7-f1127-o1\" method=\"post\" class=\"wpcf7-form init\" aria-label=\"Kontaktformular\" novalidate=\"novalidate\" data-status=\"init\">\n<div style=\"display: none;\">\n<input type=\"hidden\" name=\"_wpcf7\" value=\"1127\" \/>\n<input type=\"hidden\" name=\"_wpcf7_version\" value=\"5.9.8\" \/>\n<input type=\"hidden\" name=\"_wpcf7_locale\" value=\"de_DE\" \/>\n<input type=\"hidden\" name=\"_wpcf7_unit_tag\" value=\"wpcf7-f1127-o1\" \/>\n<input type=\"hidden\" name=\"_wpcf7_container_post\" value=\"0\" \/>\n<input type=\"hidden\" name=\"_wpcf7_posted_data_hash\" value=\"\" \/>\n<\/div>\n<p><span class=\"wpcf7-form-control-wrap\" data-name=\"your-name\"><input size=\"40\" maxlength=\"400\" class=\"wpcf7-form-control wpcf7-text wpcf7-validates-as-required\" aria-required=\"true\" aria-invalid=\"false\" placeholder=\"Ihr Name\" value=\"\" type=\"text\" name=\"your-name\" \/><\/span>\n<\/p>\n<p><span class=\"wpcf7-form-control-wrap\" data-name=\"your-email\"><input size=\"40\" maxlength=\"400\" class=\"wpcf7-form-control wpcf7-email wpcf7-validates-as-required wpcf7-text wpcf7-validates-as-email\" aria-required=\"true\" aria-invalid=\"false\" placeholder=\"Ihre E-Mail\" value=\"\" type=\"email\" name=\"your-email\" \/><\/span>\n<\/p>\n<p><span class=\"wpcf7-form-control-wrap\" data-name=\"your-message\"><textarea cols=\"40\" rows=\"10\" maxlength=\"2000\" class=\"wpcf7-form-control wpcf7-textarea wpcf7-validates-as-required\" aria-required=\"true\" aria-invalid=\"false\" placeholder=\"Ihre Nachricht an uns\" name=\"your-message\"><\/textarea><\/span><br \/>\n<span class=\"wpcf7-form-control-wrap\" data-name=\"your-consent\"><span class=\"wpcf7-form-control wpcf7-acceptance\"><span class=\"wpcf7-list-item\"><label><input type=\"checkbox\" name=\"your-consent\" value=\"1\" aria-invalid=\"false\" \/><span class=\"wpcf7-list-item-label\">Ich stimme der Verwendung meiner Daten gem\u00e4\u00df dem <a href=\"\/datenschutzhinweis\">Datenschutzhinweis<\/a> zu.<\/span><\/label><\/span><\/span><\/span>\n<\/p>\n<p><input class=\"wpcf7-form-control wpcf7-submit has-spinner button\" type=\"submit\" value=\"Nachricht abschicken\" \/>\n<\/p><div class=\"wpcf7-response-output\" aria-hidden=\"true\"><\/div>\n<\/form>\n<\/div>\n","protected":false},"excerpt":{"rendered":"<p>Willkomen auf der\u00a0 QUINTA do SERNADHINA Zwischen den St\u00e4dten\u00a0Cercal &amp; S\u00e3o Luis gelegen, 30 Minuten von den Sandstr\u00e4nden\u00a0Vila Nova de Milfontes, ist\u00a0Sernadinha\u00a0 eine malerische Oase gleich au\u00dferhalb des D\u00f6rfchens Aldeia do Cano. Unter dem weiten Himmel Alentejos bietet\u00a0Sernadinha eine wundersch\u00f6ne, H\u00fcgellandschaft mit offenen Wiesen, Korkeichen und Olivenb\u00e4umen. Die einzigartige Atmosph\u00e4re ist ideal f\u00fcr Familien oder [&hellip;]<\/p>\n","protected":false},"author":1,"featured_media":1368,"parent":0,"menu_order":0,"comment_status":"closed","ping_status":"closed","template":"template-hero.php","meta":{"inline_featured_image":false,"footnotes":""},"_links":{"self":[{"href":"https:\/\/sernadinha.net\/de\/wp-json\/wp\/v2\/pages\/867"}],"collection":[{"href":"https:\/\/sernadinha.net\/de\/wp-json\/wp\/v2\/pages"}],"about":[{"href":"https:\/\/sernadinha.net\/de\/wp-json\/wp\/v2\/types\/page"}],"author":[{"embeddable":true,"href":"https:\/\/sernadinha.net\/de\/wp-json\/wp\/v2\/users\/1"}],"replies":[{"embeddable":true,"href":"https:\/\/sernadinha.net\/de\/wp-json\/wp\/v2\/comments?post=867"}],"version-history":[{"count":23,"href":"https:\/\/sernadinha.net\/de\/wp-json\/wp\/v2\/pages\/867\/revisions"}],"predecessor-version":[{"id":1416,"href":"https:\/\/sernadinha.net\/de\/wp-json\/wp\/v2\/pages\/867\/revisions\/1416"}],"wp:featuredmedia":[{"embeddable":true,"href":"https:\/\/sernadinha.net\/de\/wp-json\/wp\/v2\/media\/1368"}],"wp:attachment":[{"href":"https:\/\/sernadinha.net\/de\/wp-json\/wp\/v2\/media?parent=867"}],"curies":[{"name":"wp","href":"https:\/\/api.w.org\/{rel}","templated":true}]}}